{"id":1038,"date":"2023-03-07T11:23:58","date_gmt":"2023-03-07T09:23:58","guid":{"rendered":"http:\/\/www.merzhausen-dardilly.de\/SSV\/wordpress\/?page_id=1038"},"modified":"2023-03-14T20:58:44","modified_gmt":"2023-03-14T18:58:44","slug":"vereinsgaststaette","status":"publish","type":"page","link":"https:\/\/www.merzhausen-dardilly.de\/SSV\/wordpress\/?page_id=1038","title":{"rendered":"Vereinsgastst\u00e4tte"},"content":{"rendered":"\n<p>Vereinsmittelpunkt f\u00fcr geselliges Zusammensein ist unser Sch\u00fctzenhaus, gelegen in idyllischer Natur. <\/p>\n\n\n\n<p><strong>F\u00fcr Sch\u00fctzinnen und Sch\u00fctzen sowie f\u00fcr eingef\u00fchrte G\u00e4ste<\/strong><\/p>\n\n\n\n<p>laden seit dem Jahr 2000 Anita und Klaus Lais in die Vereinsgastst\u00e4tte ein zu exzellenter Bewirtung mit kleineren Speisen und Getr\u00e4nken.<\/p>\n\n\n\n<p>Familie Lais ist weit \u00fcber das Hexental hinaus f\u00fcr die hervorragende Qualit\u00e4t und den freundlichen Service bekannt.<\/p>\n\n\n\n<p><br>Ge\u00f6ffnet ist die Gastst\u00e4tte i.d.R. Freitags ab 18 Uhr.<\/p>\n\n\n\n<figure class=\"wp-block-gallery has-nested-images columns-default is-cropped wp-block-gallery-1 is-layout-flex wp-block-gallery-is-layout-flex\">\n<figure class=\"wp-block-image size-large\"><img loading=\"lazy\" decoding=\"async\" width=\"1024\" height=\"768\" data-id=\"954\" src=\"https:\/\/www.merzhausen-dardilly.de\/SSV\/wordpress\/wp-content\/uploads\/2021\/11\/IMG_5474-1024x768.jpg\" alt=\"\" class=\"wp-image-954\" srcset=\"https:\/\/www.merzhausen-dardilly.de\/SSV\/wordpress\/wp-content\/uploads\/2021\/11\/IMG_5474-1024x768.jpg 1024w, https:\/\/www.merzhausen-dardilly.de\/SSV\/wordpress\/wp-content\/uploads\/2021\/11\/IMG_5474-300x225.jpg 300w, https:\/\/www.merzhausen-dardilly.de\/SSV\/wordpress\/wp-content\/uploads\/2021\/11\/IMG_5474-150x113.jpg 150w, https:\/\/www.merzhausen-dardilly.de\/SSV\/wordpress\/wp-content\/uploads\/2021\/11\/IMG_5474-768x576.jpg 768w, https:\/\/www.merzhausen-dardilly.de\/SSV\/wordpress\/wp-content\/uploads\/2021\/11\/IMG_5474-1536x1152.jpg 1536w, https:\/\/www.merzhausen-dardilly.de\/SSV\/wordpress\/wp-content\/uploads\/2021\/11\/IMG_5474.jpg 2016w\" sizes=\"auto, (max-width: 1024px) 100vw, 1024px\" \/><\/figure>\n\n\n\n<figure class=\"wp-block-image size-large\"><img loading=\"lazy\" decoding=\"async\" width=\"640\" height=\"480\" data-id=\"718\" src=\"https:\/\/www.merzhausen-dardilly.de\/SSV\/wordpress\/wp-content\/uploads\/2019\/11\/IMG_1069-e1574504349656.jpg\" alt=\"\" class=\"wp-image-718\" srcset=\"https:\/\/www.merzhausen-dardilly.de\/SSV\/wordpress\/wp-content\/uploads\/2019\/11\/IMG_1069-e1574504349656.jpg 640w, https:\/\/www.merzhausen-dardilly.de\/SSV\/wordpress\/wp-content\/uploads\/2019\/11\/IMG_1069-e1574504349656-150x113.jpg 150w, https:\/\/www.merzhausen-dardilly.de\/SSV\/wordpress\/wp-content\/uploads\/2019\/11\/IMG_1069-e1574504349656-300x225.jpg 300w\" sizes=\"auto, (max-width: 640px) 100vw, 640px\" \/><\/figure>\n\n\n\n<figure class=\"wp-block-image size-large\"><img loading=\"lazy\" decoding=\"async\" width=\"531\" height=\"1024\" data-id=\"1175\" src=\"https:\/\/www.merzhausen-dardilly.de\/SSV\/wordpress\/wp-content\/uploads\/2023\/03\/IMG-6864-531x1024.jpg\" alt=\"\" class=\"wp-image-1175\" srcset=\"https:\/\/www.merzhausen-dardilly.de\/SSV\/wordpress\/wp-content\/uploads\/2023\/03\/IMG-6864-531x1024.jpg 531w, https:\/\/www.merzhausen-dardilly.de\/SSV\/wordpress\/wp-content\/uploads\/2023\/03\/IMG-6864-156x300.jpg 156w, https:\/\/www.merzhausen-dardilly.de\/SSV\/wordpress\/wp-content\/uploads\/2023\/03\/IMG-6864-78x150.jpg 78w, https:\/\/www.merzhausen-dardilly.de\/SSV\/wordpress\/wp-content\/uploads\/2023\/03\/IMG-6864-768x1482.jpg 768w, https:\/\/www.merzhausen-dardilly.de\/SSV\/wordpress\/wp-content\/uploads\/2023\/03\/IMG-6864-796x1536.jpg 796w, https:\/\/www.merzhausen-dardilly.de\/SSV\/wordpress\/wp-content\/uploads\/2023\/03\/IMG-6864-1062x2048.jpg 1062w, https:\/\/www.merzhausen-dardilly.de\/SSV\/wordpress\/wp-content\/uploads\/2023\/03\/IMG-6864-scaled.jpg 1327w\" sizes=\"auto, (max-width: 531px) 100vw, 531px\" \/><\/figure>\n\n\n\n<figure class=\"wp-block-image size-large\"><img loading=\"lazy\" decoding=\"async\" width=\"564\" height=\"1024\" data-id=\"1176\" src=\"https:\/\/www.merzhausen-dardilly.de\/SSV\/wordpress\/wp-content\/uploads\/2023\/03\/IMG-6867-564x1024.jpg\" alt=\"\" class=\"wp-image-1176\" srcset=\"https:\/\/www.merzhausen-dardilly.de\/SSV\/wordpress\/wp-content\/uploads\/2023\/03\/IMG-6867-564x1024.jpg 564w, https:\/\/www.merzhausen-dardilly.de\/SSV\/wordpress\/wp-content\/uploads\/2023\/03\/IMG-6867-165x300.jpg 165w, https:\/\/www.merzhausen-dardilly.de\/SSV\/wordpress\/wp-content\/uploads\/2023\/03\/IMG-6867-83x150.jpg 83w, https:\/\/www.merzhausen-dardilly.de\/SSV\/wordpress\/wp-content\/uploads\/2023\/03\/IMG-6867-768x1394.jpg 768w, https:\/\/www.merzhausen-dardilly.de\/SSV\/wordpress\/wp-content\/uploads\/2023\/03\/IMG-6867-846x1536.jpg 846w, https:\/\/www.merzhausen-dardilly.de\/SSV\/wordpress\/wp-content\/uploads\/2023\/03\/IMG-6867-1128x2048.jpg 1128w, https:\/\/www.merzhausen-dardilly.de\/SSV\/wordpress\/wp-content\/uploads\/2023\/03\/IMG-6867-scaled.jpg 1411w\" sizes=\"auto, (max-width: 564px) 100vw, 564px\" \/><\/figure>\n\n\n\n<figure class=\"wp-block-image size-large\"><img loading=\"lazy\" decoding=\"async\" width=\"1024\" height=\"953\" data-id=\"1177\" src=\"https:\/\/www.merzhausen-dardilly.de\/SSV\/wordpress\/wp-content\/uploads\/2023\/03\/IMG-6884-1024x953.jpg\" alt=\"\" class=\"wp-image-1177\" srcset=\"https:\/\/www.merzhausen-dardilly.de\/SSV\/wordpress\/wp-content\/uploads\/2023\/03\/IMG-6884-1024x953.jpg 1024w, https:\/\/www.merzhausen-dardilly.de\/SSV\/wordpress\/wp-content\/uploads\/2023\/03\/IMG-6884-300x279.jpg 300w, https:\/\/www.merzhausen-dardilly.de\/SSV\/wordpress\/wp-content\/uploads\/2023\/03\/IMG-6884-150x140.jpg 150w, https:\/\/www.merzhausen-dardilly.de\/SSV\/wordpress\/wp-content\/uploads\/2023\/03\/IMG-6884-768x715.jpg 768w, https:\/\/www.merzhausen-dardilly.de\/SSV\/wordpress\/wp-content\/uploads\/2023\/03\/IMG-6884-1536x1430.jpg 1536w, https:\/\/www.merzhausen-dardilly.de\/SSV\/wordpress\/wp-content\/uploads\/2023\/03\/IMG-6884-2048x1907.jpg 2048w\" sizes=\"auto, (max-width: 1024px) 100vw, 1024px\" \/><\/figure>\n\n\n\n<figure class=\"wp-block-image size-large\"><img loading=\"lazy\" decoding=\"async\" width=\"1024\" height=\"768\" data-id=\"1178\" src=\"https:\/\/www.merzhausen-dardilly.de\/SSV\/wordpress\/wp-content\/uploads\/2023\/03\/IMG-6890-1024x768.jpg\" alt=\"\" class=\"wp-image-1178\" srcset=\"https:\/\/www.merzhausen-dardilly.de\/SSV\/wordpress\/wp-content\/uploads\/2023\/03\/IMG-6890-1024x768.jpg 1024w, https:\/\/www.merzhausen-dardilly.de\/SSV\/wordpress\/wp-content\/uploads\/2023\/03\/IMG-6890-300x225.jpg 300w, https:\/\/www.merzhausen-dardilly.de\/SSV\/wordpress\/wp-content\/uploads\/2023\/03\/IMG-6890-150x113.jpg 150w, https:\/\/www.merzhausen-dardilly.de\/SSV\/wordpress\/wp-content\/uploads\/2023\/03\/IMG-6890-768x576.jpg 768w, https:\/\/www.merzhausen-dardilly.de\/SSV\/wordpress\/wp-content\/uploads\/2023\/03\/IMG-6890-1536x1152.jpg 1536w, https:\/\/www.merzhausen-dardilly.de\/SSV\/wordpress\/wp-content\/uploads\/2023\/03\/IMG-6890-2048x1536.jpg 2048w\" sizes=\"auto, (max-width: 1024px) 100vw, 1024px\" \/><\/figure>\n<\/figure>\n\n\n\n<figure class=\"wp-block-gallery has-nested-images columns-default is-cropped wp-block-gallery-2 is-layout-flex wp-block-gallery-is-layout-flex\">\n<figure class=\"wp-block-image size-large\"><img loading=\"lazy\" decoding=\"async\" width=\"640\" height=\"480\" data-id=\"717\" src=\"https:\/\/www.merzhausen-dardilly.de\/SSV\/wordpress\/wp-content\/uploads\/2019\/11\/IMG_1067-e1574504319531.jpg\" alt=\"\" class=\"wp-image-717\" srcset=\"https:\/\/www.merzhausen-dardilly.de\/SSV\/wordpress\/wp-content\/uploads\/2019\/11\/IMG_1067-e1574504319531.jpg 640w, https:\/\/www.merzhausen-dardilly.de\/SSV\/wordpress\/wp-content\/uploads\/2019\/11\/IMG_1067-e1574504319531-150x113.jpg 150w, https:\/\/www.merzhausen-dardilly.de\/SSV\/wordpress\/wp-content\/uploads\/2019\/11\/IMG_1067-e1574504319531-300x225.jpg 300w\" sizes=\"auto, (max-width: 640px) 100vw, 640px\" \/><\/figure>\n\n\n\n<figure class=\"wp-block-image size-large\"><img loading=\"lazy\" decoding=\"async\" width=\"480\" height=\"640\" data-id=\"716\" src=\"https:\/\/www.merzhausen-dardilly.de\/SSV\/wordpress\/wp-content\/uploads\/2019\/11\/IMG_1066-1-e1574504267979.jpg\" alt=\"\" class=\"wp-image-716\" srcset=\"https:\/\/www.merzhausen-dardilly.de\/SSV\/wordpress\/wp-content\/uploads\/2019\/11\/IMG_1066-1-e1574504267979.jpg 480w, https:\/\/www.merzhausen-dardilly.de\/SSV\/wordpress\/wp-content\/uploads\/2019\/11\/IMG_1066-1-e1574504267979-113x150.jpg 113w, https:\/\/www.merzhausen-dardilly.de\/SSV\/wordpress\/wp-content\/uploads\/2019\/11\/IMG_1066-1-e1574504267979-225x300.jpg 225w\" sizes=\"auto, (max-width: 480px) 100vw, 480px\" \/><\/figure>\n\n\n\n<figure class=\"wp-block-image size-large\"><img loading=\"lazy\" decoding=\"async\" width=\"640\" height=\"480\" data-id=\"718\" src=\"https:\/\/www.merzhausen-dardilly.de\/SSV\/wordpress\/wp-content\/uploads\/2019\/11\/IMG_1069-e1574504349656.jpg\" alt=\"\" class=\"wp-image-718\" srcset=\"https:\/\/www.merzhausen-dardilly.de\/SSV\/wordpress\/wp-content\/uploads\/2019\/11\/IMG_1069-e1574504349656.jpg 640w, https:\/\/www.merzhausen-dardilly.de\/SSV\/wordpress\/wp-content\/uploads\/2019\/11\/IMG_1069-e1574504349656-150x113.jpg 150w, https:\/\/www.merzhausen-dardilly.de\/SSV\/wordpress\/wp-content\/uploads\/2019\/11\/IMG_1069-e1574504349656-300x225.jpg 300w\" sizes=\"auto, (max-width: 640px) 100vw, 640px\" \/><\/figure>\n\n\n\n<figure class=\"wp-block-image size-large\"><img loading=\"lazy\" decoding=\"async\" width=\"1024\" height=\"758\" data-id=\"1173\" src=\"https:\/\/www.merzhausen-dardilly.de\/SSV\/wordpress\/wp-content\/uploads\/2023\/03\/IMG-6881-1024x758.jpg\" alt=\"\" class=\"wp-image-1173\" srcset=\"https:\/\/www.merzhausen-dardilly.de\/SSV\/wordpress\/wp-content\/uploads\/2023\/03\/IMG-6881-1024x758.jpg 1024w, https:\/\/www.merzhausen-dardilly.de\/SSV\/wordpress\/wp-content\/uploads\/2023\/03\/IMG-6881-300x222.jpg 300w, https:\/\/www.merzhausen-dardilly.de\/SSV\/wordpress\/wp-content\/uploads\/2023\/03\/IMG-6881-150x111.jpg 150w, https:\/\/www.merzhausen-dardilly.de\/SSV\/wordpress\/wp-content\/uploads\/2023\/03\/IMG-6881-768x568.jpg 768w, https:\/\/www.merzhausen-dardilly.de\/SSV\/wordpress\/wp-content\/uploads\/2023\/03\/IMG-6881-1536x1137.jpg 1536w, https:\/\/www.merzhausen-dardilly.de\/SSV\/wordpress\/wp-content\/uploads\/2023\/03\/IMG-6881-2048x1516.jpg 2048w\" sizes=\"auto, (max-width: 1024px) 100vw, 1024px\" \/><\/figure>\n\n\n\n<figure class=\"wp-block-image size-large\"><img loading=\"lazy\" decoding=\"async\" width=\"1024\" height=\"768\" data-id=\"954\" src=\"https:\/\/www.merzhausen-dardilly.de\/SSV\/wordpress\/wp-content\/uploads\/2021\/11\/IMG_5474-1024x768.jpg\" alt=\"\" class=\"wp-image-954\" srcset=\"https:\/\/www.merzhausen-dardilly.de\/SSV\/wordpress\/wp-content\/uploads\/2021\/11\/IMG_5474-1024x768.jpg 1024w, https:\/\/www.merzhausen-dardilly.de\/SSV\/wordpress\/wp-content\/uploads\/2021\/11\/IMG_5474-300x225.jpg 300w, https:\/\/www.merzhausen-dardilly.de\/SSV\/wordpress\/wp-content\/uploads\/2021\/11\/IMG_5474-150x113.jpg 150w, https:\/\/www.merzhausen-dardilly.de\/SSV\/wordpress\/wp-content\/uploads\/2021\/11\/IMG_5474-768x576.jpg 768w, https:\/\/www.merzhausen-dardilly.de\/SSV\/wordpress\/wp-content\/uploads\/2021\/11\/IMG_5474-1536x1152.jpg 1536w, https:\/\/www.merzhausen-dardilly.de\/SSV\/wordpress\/wp-content\/uploads\/2021\/11\/IMG_5474.jpg 2016w\" sizes=\"auto, (max-width: 1024px) 100vw, 1024px\" \/><\/figure>\n<\/figure>\n\n\n","protected":false},"excerpt":{"rendered":"<p>Vereinsmittelpunkt f\u00fcr geselliges Zusammensein ist unser Sch\u00fctzenhaus, gelegen in idyllischer Natur. F\u00fcr Sch\u00fctzinnen und Sch\u00fctzen sowie f\u00fcr eingef\u00fchrte G\u00e4ste laden seit dem Jahr 2000 Anita und Klaus Lais in die Vereinsgastst\u00e4tte ein zu exzellenter Bewirtung mit kleineren Speisen und Getr\u00e4nken. &hellip; <a href=\"https:\/\/www.merzhausen-dardilly.de\/SSV\/wordpress\/?page_id=1038\">Weiter<\/a><\/p>\n","protected":false},"author":1,"featured_media":0,"parent":0,"menu_order":0,"comment_status":"closed","ping_status":"closed","template":"","meta":{"kt_blocks_editor_width":"","footnotes":""},"class_list":["post-1038","page","type-page","status-publish","hentry"],"_links":{"self":[{"href":"https:\/\/www.merzhausen-dardilly.de\/SSV\/wordpress\/index.php?rest_route=\/wp\/v2\/pages\/1038","targetHints":{"allow":["GET"]}}],"collection":[{"href":"https:\/\/www.merzhausen-dardilly.de\/SSV\/wordpress\/index.php?rest_route=\/wp\/v2\/pages"}],"about":[{"href":"https:\/\/www.merzhausen-dardilly.de\/SSV\/wordpress\/index.php?rest_route=\/wp\/v2\/types\/page"}],"author":[{"embeddable":true,"href":"https:\/\/www.merzhausen-dardilly.de\/SSV\/wordpress\/index.php?rest_route=\/wp\/v2\/users\/1"}],"replies":[{"embeddable":true,"href":"https:\/\/www.merzhausen-dardilly.de\/SSV\/wordpress\/index.php?rest_route=%2Fwp%2Fv2%2Fcomments&post=1038"}],"version-history":[{"count":10,"href":"https:\/\/www.merzhausen-dardilly.de\/SSV\/wordpress\/index.php?rest_route=\/wp\/v2\/pages\/1038\/revisions"}],"predecessor-version":[{"id":1249,"href":"https:\/\/www.merzhausen-dardilly.de\/SSV\/wordpress\/index.php?rest_route=\/wp\/v2\/pages\/1038\/revisions\/1249"}],"wp:attachment":[{"href":"https:\/\/www.merzhausen-dardilly.de\/SSV\/wordpress\/index.php?rest_route=%2Fwp%2Fv2%2Fmedia&parent=1038"}],"curies":[{"name":"wp","href":"https:\/\/api.w.org\/{rel}","templated":true}]}}