{"id":19,"date":"2013-12-25T15:52:55","date_gmt":"2013-12-25T13:52:55","guid":{"rendered":"http:\/\/www.merzhausen-dardilly.de\/SSV\/wordpress\/?page_id=19"},"modified":"2025-02-14T11:24:20","modified_gmt":"2025-02-14T09:24:20","slug":"kontakt","status":"publish","type":"page","link":"https:\/\/www.merzhausen-dardilly.de\/SSV\/wordpress\/?page_id=19","title":{"rendered":"Kontakt, Impressum und Datenschutz"},"content":{"rendered":"\n<h2 class=\"wp-block-heading\"><strong>KONTAKT<\/strong><\/h2>\n\n\n\n<p><h2><strong>Sportsch\u00fctzenverein Merzhausen-Au e.V.<\/strong><\/h2><\/p>\n\n\n\n<p>OSM<span style=\"color: #000000;\"><span style=\"color: #000000;\"><a href=\"http:\/\/rae-mayer.de\"> Ekkehard Mayer<\/a>&nbsp; &nbsp; &nbsp; &nbsp;<a href=\"https:\/\/www.merzhausen-dardilly.de\/SSV\/wordpress\/wp-content\/uploads\/2013\/12\/Ekke1-Kopie.jpg\"><img loading=\"lazy\" decoding=\"async\" class=\" size-medium wp-image-157 alignright\" src=\"https:\/\/www.merzhausen-dardilly.de\/SSV\/wordpress\/wp-content\/uploads\/2013\/12\/Ekke1-Kopie-194x300.jpg\" alt=\"Ekke1 Kopie\" width=\"194\" height=\"300\" srcset=\"https:\/\/www.merzhausen-dardilly.de\/SSV\/wordpress\/wp-content\/uploads\/2013\/12\/Ekke1-Kopie-194x300.jpg 194w, https:\/\/www.merzhausen-dardilly.de\/SSV\/wordpress\/wp-content\/uploads\/2013\/12\/Ekke1-Kopie-97x150.jpg 97w, https:\/\/www.merzhausen-dardilly.de\/SSV\/wordpress\/wp-content\/uploads\/2013\/12\/Ekke1-Kopie-664x1024.jpg 664w, https:\/\/www.merzhausen-dardilly.de\/SSV\/wordpress\/wp-content\/uploads\/2013\/12\/Ekke1-Kopie.jpg 1407w\" sizes=\"auto, (max-width: 194px) 100vw, 194px\" \/><\/a><\/span><\/span><\/p>\n\n\n\n<p>Weberstra\u00dfe 21 D &#8211; 79249 Merzhausen<\/p>\n<p>Telefon: 0049 (0) 761 404050<\/p>                                   \n<p>Fax: 0049 (0) 761 120 999 7<\/p>\n\n\n\n<h2 class=\"wp-block-heading\"><strong>Herbert-Frank-Sch\u00fctzenhaus<\/strong><\/h2>\n\n\n\n<p>Sch\u00fctzenhausweg 79280 Au<\/p>\n<p>Telefon: 0049 (0)761 403070<\/p>\n\n\n\n<h5 class=\"wp-block-heading\"><strong>Trainingszeiten:<\/strong><\/h5>\n\n\n\n<p>Freitag: 17.00 Uhr bis 20.00 Uhr<\/p>\n<p>Mittwoch: nach Vereinbarung: 17.00 Uhr bis 19.00 Uhr<\/p>\n\n\n\n<h2 class=\"wp-block-heading\"><strong>Interessieren Sie sich f\u00fcr eine Mitgliedschaft?<\/strong><\/h2>\n\n\n\n<p>Nehmen Sie bitte Kontakt mit unserem Obersch\u00fctzenmeister Ekkehard Mayer auf!<\/p>\n\n\n\n<h5 class=\"wp-block-heading\"><a href=\"https:\/\/www.merzhausen-dardilly.de\/SSV\/wordpress\/wp-content\/uploads\/2025\/02\/beitrittserklaerung-sepa-2024.docx\">Eine Beitrittserkl\u00e4rung finden Sie hier!<\/a><\/h5>\n\n\n\n<p><\/p>\n\n\n\n<h2 class=\"wp-block-heading\"><strong>IMPRESSUM<\/strong><\/h2>\n\n\n\n<h4 class=\"wp-block-heading\"><strong>Verantwortlich f\u00fcr die Homepage OSM<a href=\"http:\/\/rae-mayer.de\"> Ekkehard Mayer<\/a> , <\/strong><\/h4>\n\n\n\n<h4 class=\"wp-block-heading\"><strong>Weberstra\u00dfe 21, D &#8211; 79249 Merzhausen email: <a href=\"mailto:ekkimayer@gmail.com\">ekkimayer@gmail.com<\/a><\/strong><\/h4>\n\n\n\n<h1 class=\"wp-block-heading\">&nbsp;<\/h1>\n\n\n\n<h1 class=\"wp-block-heading\">&nbsp;<\/h1>\n\n\n\n<h2 class=\"wp-block-heading\"><strong>DATENSCHUTZ<\/strong><\/h2>\n\n\n\n<p>Wir freuen uns, dass Sie Mitglied &nbsp;des Sport-Sch\u00fctzenvereins Merzhausen-Au e.V. sind. In dieser Datenschutzerkl\u00e4rung finden Sie Informationen \u00fcber unseren Umgang mit Ihren personenbezogenen Daten, wenn Sie Mitglied bei uns sind.<\/p>\n\n\n\n<ol class=\"wp-block-list\">\n<li><strong> Verantwortliche Stelle und Datenschutzbeauftragter<\/strong><\/li>\n<\/ol>\n\n\n\n<p>Verantwortlich f\u00fcr die Verarbeitung Ihrer personenbezogenen Daten ist der SSV Merzhausen-Au e.V., Weberstra\u00dfe 21, 79249 Merzhausen, E-mail: ekkimayer@gmail.com.<\/p>\n\n\n\n<p>Bei Fragen zum Datenschutz k\u00f6nnen Sie sich jederzeit an unseren Datenschutzbeauftragten unter SSV Merzhausen-Au e.V., Weberstra\u00dfe 21, 79249 Merzhausen, E-mail: <a href=\"mailto:ekkimayer@gmail.com\">ekkimayer@gmail.com<\/a>., wenden. F\u00fcr vertrauliche Anfragen k\u00f6nnen Sie gerne auch den Postweg verwenden.<\/p>\n\n\n\n<ol start=\"2\" class=\"wp-block-list\">\n<li><strong> Personenbezogene Daten<\/strong><\/li>\n<\/ol>\n\n\n\n<p>\u201e<strong>Personenbezogene Daten<\/strong>\u201c sind Informationen, die Ihre pers\u00f6nlichen oder sachlichen Umst\u00e4nde betreffen, die verwendet werden k\u00f6nnen, um Sie oder andere Personen zu identifizieren. Hierzu geh\u00f6ren Ihr Name, Ihre Anschrift, Ihr Geburtsdatum oder Ihre E-Mail-Adresse, aber auch Ihre Bank- und Kreditkartendaten oder Ihre Mitglieds- und Kundennummer.<\/p>\n\n\n\n<ol start=\"3\" class=\"wp-block-list\">\n<li><strong> Erheben und verwenden von personenbezogenen Daten<\/strong><\/li>\n<\/ol>\n\n\n\n<p>Nachfolgend finden Sie detaillierte Informationen dar\u00fcber, wie wir Ihre personenbezogenen Daten verarbeiten:<\/p>\n\n\n\n<ol class=\"wp-block-list\">\n<li><strong>a)&nbsp;F\u00fcr aktive und passive Mitglieder<\/strong><\/li>\n<\/ol>\n\n\n\n<p>Wir verarbeiten die folgenden personenbezogenen Daten von aktiven und passiven Mitgliedern (zusammen \u201e<strong>Vereinsmitglieder<\/strong>\u201c) f\u00fcr die folgende Zwecke:<\/p>\n\n\n\n<p><strong>(i)&nbsp;Verwalten Ihrer Mitgliedschaft<\/strong><\/p>\n\n\n\n<p>F\u00fcr Vereinsmitglieder verarbeiten wir die folgenden personenbezogenen Daten, um die aktive oder passive Mitgliedschaft bei uns zu verwalten und durchzuf\u00fchren: Anrede, Titel, Geschlecht, Name, Anschrift, Geburtsdatum, Nationalit\u00e4t, E-Mail-Adresse, Telefonnummer, Bankdaten f\u00fcr SEPA-Lastschriftverfahren bzw. Kreditkartendaten, Mitgliedsnummer, Eintritts- und Austrittsdatum, Daten zum Mitgliedsausweis, Informationen zur Beitragsverwaltung (z.B. Beitragsgruppe), Abteilung, Funktion, Status (aktiv\/passiv), Newsletter- und Mitteilungspr\u00e4ferenzen sowie Informationen zum Schwerbehindertenstatus.<\/p>\n\n\n\n<p>Wenn Sie Angaben zu Ihrem Schwerbehindertenstatus machen oder uns eine Kopie Ihres Schwerbehindertenausweises zusenden, sind wir berechtigt, diese Information ausschlie\u00dflich zu Zwecken der Mitgliedschaft (verg\u00fcnstigter Beitrag) zu verarbeiten.<\/p>\n\n\n\n<p>Bei minderj\u00e4hrigen Vereinsmitgliedern verarbeiten wir au\u00dferdem Namen, Anschrift, Telefonnummer, E-Mail-Adresse und Geburtsdatum der Erziehungsberechtigten.<\/p>\n\n\n\n<p>Wir verarbeiten Ihre personenbezogenen Daten zur Vertragserf\u00fcllung (Art. 6 Abs. 1 lit. b DSGVO). Ihre Mitgliedschaft ist der relevante Vertrag. Die personenbezogenen Daten von Erziehungsberechtigten verarbeiten wir auf Grundlage unseres berechtigten Interesses (Art. 6 Abs. 1 lit. f DSGVO). Unser Interesse ist hier die Durchf\u00fchrung der Mitgliedschaft mit Ihrem Kind.<\/p>\n\n\n\n<p>Etwaige Informationen, die Sie zur Ihrem Schwerbehindertenstatus machen, verarbeiten wir nur mit Ihrer vorherigen Einwilligung (Art. 6 Abs. 1 lit. a DSGVO).<\/p>\n\n\n\n<p>Wir verarbeiten die personenbezogenen Daten zu diesem Zweck f\u00fcr die Dauer der Mitgliedschaft. Dar\u00fcber hinaus speichern wir Ihre personenbezogenen Daten nur zur Geltendmachung von oder Verteidigung gegen rechtliche Anspr\u00fcche oder solange gesetzliche Pflichten zur Speicherung bestehen.<\/p>\n\n\n\n<p><strong>(ii)&nbsp;Bezahlen des Mitgliedsbeitrags<\/strong><\/p>\n\n\n\n<p>Wenn Sie im Mitgliedsantrag als Beitragszahler benannt sind und den Mitgliedsbeitrag f\u00fcr eine andere Person bezahlen, verarbeiten wir die folgenden personenbezogenen Daten: Name, Titel, Geschlecht, Anschrift, Geburtsdatum, E-Mail-Adresse, Telefonnummer, Vereinsmitglied, f\u00fcr das der Mitgliedsbeitrag gezahlt wird, Zahlungshistorie und -weise, Bankdaten f\u00fcr SEPA-Lastschriftverfahren bzw. Kreditkartendaten. Wir \u00fcbermitteln hierzu die relevanten Zahlungsdaten an unsere Bank bzw. unseren Kreditkartendienstleister.<\/p>\n\n\n\n<p>Wir verarbeiten Ihre personenbezogenen Daten zur Vertragserf\u00fcllung (Art. 6 Abs. 1 lit. b DSGVO). Der Zahlungsvertrag ist der relevante Vertrag.<\/p>\n\n\n\n<p>Wir verarbeiten die personenbezogenen Daten f\u00fcr die Dauer der Mitgliedschaft bzw. bis die Einzugserm\u00e4chtigung zur\u00fcckgezogen wurde. Dar\u00fcber hinaus speichern wir Ihre personenbezogenen Daten nur zur Geltendmachung von oder Verteidigung gegen rechtliche Anspr\u00fcche oder solange gesetzliche Pflichten zur Speicherung bestehen.<\/p>\n\n\n\n<p><strong>(iii)<\/strong>&nbsp;<strong>Erbringen von Leistungen und Vorteilen Ihrer Mitgliedschaft<\/strong><\/p>\n\n\n\n<p>Wir verarbeiten die folgenden personenbezogenen Daten, um Ihnen die Vorteile der aktiven und passiven Mitgliedschaft zu erbringen. Wir verarbeiten Ihre personenbezogenen Daten f\u00fcr diesen Zweck zur Vertragserf\u00fcllung (Art. 6 Abs. 1 lit. b DSGVO). Ihre Mitgliedschaft ist der relevante Vertrag.<\/p>\n\n\n\n<p>Wir verarbeiten die personenbezogenen Daten f\u00fcr die Dauer der Mitgliedschaft. Dar\u00fcber hinaus speichern wir Ihre personenbezogenen Daten nur zur Geltendmachung von oder Verteidigung gegen rechtliche Anspr\u00fcche oder solange gesetzliche Pflichten zur Speicherung bestehen.<\/p>\n\n\n\n<p><strong>(iv)<\/strong>&nbsp;<strong>Gratulieren zu Geburtstagen und Jubil\u00e4en<\/strong><\/p>\n\n\n\n<p>Wir gratulieren unseren Mitgliedern per E-Mail oder postalisch zu runden Geburtstagen (ab dem 50. Geburtstag). Wir verarbeiten hierzu folgende Personenbezogenen Daten: Name, Titel, Geschlecht, Geburtsdatum, Anschrift, E-Mail-Adresse, Eintrittsdatum, vereinsinterne Funktion.<\/p>\n\n\n\n<p>Wenn wir Ihnen per Post oder E-Mail zu Geburtstagen und Jubil\u00e4en gratulieren, verarbeiten wir Ihre personenbezogenen Daten auf Grundlage unseres berechtigten Interesses (Art. 6 Abs. 1 lit. f DSGVO). Unser Interesse ist hier die Mitgliederpflege.<\/p>\n\n\n\n<p>Sie k\u00f6nnen der Gratulation unter den in Ziffer 1 genannten Kontaktinformationen widersprechen.<\/p>\n\n\n\n<p>Wir verarbeiten die personenbezogenen Daten bis Sie der Versendung von Gratulationen widersprochen haben bzw. f\u00fcr die Dauer der Mitgliedschaft. Dar\u00fcber hinaus speichern wir Ihre personenbezogenen Daten nur zur Geltendmachung von oder Verteidigung gegen rechtliche Anspr\u00fcche oder solange gesetzliche Pflichten zur Speicherung bestehen.<\/p>\n\n\n\n<p><strong>(v)&nbsp;Versenden von Mitgliederbriefen oder sonst. Informationen<\/strong><\/p>\n\n\n\n<p>Wenn Sie dies w\u00fcnschen, verarbeiten wir die folgenden personenbezogenen Daten, um Ihnen Informationen zum SSV Merzhausen-Au e.V., zu Angeboten und Aktionen per E-Mail zu \u00fcbersenden: Name, Geschlecht, E-Mail-Adresse, Mitgliedsnummer.<br>Wir verarbeiten die personenbezogenen Daten bis Sie Ihre Einwilligung widerrufen haben. Dar\u00fcber hinaus speichern wir Ihre personenbezogenen Daten nur zur Geltendmachung von oder Verteidigung gegen rechtliche Anspr\u00fcche oder solange gesetzliche Pflichten zur Speicherung bestehen.<\/p>\n\n\n\n<p><strong>(vi)&nbsp;Beantworten Ihrer Kontaktanfragen<\/strong><\/p>\n\n\n\n<p>Wir verarbeiten die folgenden personenbezogenen Daten, um Ihre Kontaktanfragen zu beantworten: Name, E-Mail-Adresse, Inhalt Ihrer Nachricht.<br>Wir verarbeiten Ihre personenbezogenen Daten zur Vertragserf\u00fcllung (Art. 6 Abs. 1 lit. b DSGVO).<\/p>\n\n\n\n<p>Wir verarbeiten Ihre personenbezogenen Daten nur so lange, bis wir Ihre Anfrage abschlie\u00dfend beantwortet haben. Dar\u00fcber hinaus speichern wir Ihre personenbezogenen Daten nur zur Geltendmachung von oder Verteidigung gegen rechtliche Anspr\u00fcche oder solange gesetzliche Pflichten zur Speicherung bestehen.<\/p>\n\n\n\n<ol class=\"wp-block-list\">\n<li><strong>b) F\u00fcr aktive Mitglieder<\/strong><\/li>\n<\/ol>\n\n\n\n<p>Wenn Sie bei uns sportlich aktiv sind, verarbeiten wir <strong>zudem<\/strong> Ihre folgenden personenbezogenen Daten zu folgenden Zwecken:<\/p>\n\n\n\n<p><strong>\u200b\u200b\u200b\u200b\u200b\u200b\u200b\u200b\u200b\u200b\u200b\u200b\u200b\u200b(i)&nbsp;Training, Wettbewerbe, Organisation<\/strong><\/p>\n\n\n\n<p>Wir verarbeiten insbesondere folgende personenbezogenen Daten, um den Sportbetrieb, Training und Wettk\u00e4mpfe zu organisieren und aktive Sportler zu f\u00f6rdern: Name, Titel, Geschlecht, Anschrift, Geburtsdatum, E-Mail-Adresse, Telefonnummer, Mitgliedsnummer, , ausge\u00fcbte Disziplin, Trainer, Informationen zu sportlichen Leistungen (insbesondere Training,&nbsp; und Wettbewerbe), Bild- und Videomaterial von Wettkampf und Trainings.<\/p>\n\n\n\n<p>Wir verarbeiten Ihre personenbezogenen Daten zur Vertragserf\u00fcllung (Art. 6 Abs. 1 lit. b DSGVO). Der relevante Vertrag ist Ihre Mitgliedschaft.<\/p>\n\n\n\n<p>Wir verarbeiten die personenbezogenen Daten f\u00fcr die Dauer der Mitgliedschaft. Dar\u00fcber hinaus speichern wir Ihre personenbezogenen Daten nur zur Geltendmachung von oder Verteidigung gegen rechtliche Anspr\u00fcche oder solange gesetzliche Pflichten zur Speicherung bestehen.<\/p>\n\n\n\n<p><strong>\u200b\u200b\u200b\u200b\u200b\u200b\u200b\u200b\u200b\u200b\u200b\u200b\u200b\u200b(ii)&nbsp;Kommunikation im Rahmen des Sportbetriebes<\/strong><\/p>\n\n\n\n<p>Wir verarbeiten folgende personenbezogenen Daten von aktiven Vereinsmitgliedern, um eine Kommunikation zwischen Trainern, Betreuern und Sch\u00fctzen sowie (bei Minderj\u00e4hrigen) deren Eltern zu erm\u00f6glichen: Name, Telefonnummer, E-Mail-Adresse, Informationen zu und Organisation von Training, und Wettbewerben, Trainingspl\u00e4ne, Inhalte der Kommunikationen.<br>Wir verarbeiten Ihre personenbezogenen Daten zur Vertragserf\u00fcllung (Art. 6 Abs. 1 lit. b DSGVO). Ihre Mitgliedschaft ist der relevante Vertrag. Die personenbezogenen Daten von Erziehungsberechtigten verarbeiten wir auf Grundlage unseres berechtigten Interesses (Art. 6 Abs. 1 lit. f DSGVO). Unser Interesse ist hier die Durchf\u00fchrung der Mitgliedschaft mit Ihrem Kind.<\/p>\n\n\n\n<p>Wir verarbeiten die personenbezogenen Daten f\u00fcr die Dauer der Mitgliedschaft. Dar\u00fcber hinaus speichern wir Ihre personenbezogenen Daten nur zur Geltendmachung von oder Verteidigung gegen rechtliche Anspr\u00fcche oder solange gesetzliche Pflichten zur Speicherung bestehen.<\/p>\n\n\n\n<p>Wir verarbeiten die personenbezogenen Daten bis Sie endg\u00fcltig nicht mehr im Verein trainieren<\/p>\n\n\n\n<p><b><span style=\"font-family: Verdana; font-size: x-large;\">Links<\/span><\/b><\/p>\n\n\n\n<p><span style=\"font-family: Verdana; font-size: large;\"> <a href=\"http:\/\/www.schuetzenbund.de\" target=\"_top\" rel=\"noopener noreferrer\">Deutscher Sch\u00fctzenbund<\/a><\/span><\/p>\n\n\n\n<p><span style=\"font-family: Verdana; font-size: large;\"> <a href=\"http:\/\/www.sbsvog.de\" target=\"_top\" rel=\"noopener noreferrer\">S\u00fcdb. Sportsch\u00fctzenverband<\/a><\/span><\/p>\n\n\n\n<p><span style=\"font-family: Verdana; font-size: large;\"> <a href=\"http:\/\/www.vghexental.de\"> Verwaltungsgemeinschaft Hexental<\/a><\/span><\/p>\n\n\n\n<p>Hinweis<\/p>\n\n\n\n<p><b>Haftungsausschluss f\u00fcr externe Querverweise:<\/b><\/p>\n\n\n\n<p>Der Inhalt der Websites, auf die mittels Hyperlinks oder in anderer Weise verwiesen wird, stammt nicht von uns und ist uns im einzelnen nicht bekannt und von uns auch nicht zur Nutzung als eigener oder fremder Inhalt bereitgehalten. Wir&nbsp; \u00fcbernehmen deshalb keine Verantwortung oder Gew\u00e4hr f\u00fcr den Inhalt irgendeiner Website, auf die durch Hyperlinks oder in anderer Weise verwiesen wird. Rechtsgesch\u00e4ftlicher Wille ist mit der Bereitstellung solcher Verweise nicht verbunden.<\/p>\n","protected":false},"excerpt":{"rendered":"<p>KONTAKT Sportsch\u00fctzenverein Merzhausen-Au e.V. OSM Ekkehard Mayer&nbsp; &nbsp; &nbsp; &nbsp; Weberstra\u00dfe 21 D &#8211; 79249 Merzhausen Telefon: 0049 (0) 761 404050 Fax: 0049 (0) 761 120 999 7 Herbert-Frank-Sch\u00fctzenhaus Sch\u00fctzenhausweg 79280 Au Telefon: 0049 (0)761 403070 Trainingszeiten: Freitag: 17.00 Uhr &hellip; <a href=\"https:\/\/www.merzhausen-dardilly.de\/SSV\/wordpress\/?page_id=19\">Weiter<\/a><\/p>\n","protected":false},"author":1,"featured_media":0,"parent":0,"menu_order":0,"comment_status":"closed","ping_status":"closed","template":"","meta":{"kt_blocks_editor_width":"","footnotes":""},"class_list":["post-19","page","type-page","status-publish","hentry"],"_links":{"self":[{"href":"https:\/\/www.merzhausen-dardilly.de\/SSV\/wordpress\/index.php?rest_route=\/wp\/v2\/pages\/19","targetHints":{"allow":["GET"]}}],"collection":[{"href":"https:\/\/www.merzhausen-dardilly.de\/SSV\/wordpress\/index.php?rest_route=\/wp\/v2\/pages"}],"about":[{"href":"https:\/\/www.merzhausen-dardilly.de\/SSV\/wordpress\/index.php?rest_route=\/wp\/v2\/types\/page"}],"author":[{"embeddable":true,"href":"https:\/\/www.merzhausen-dardilly.de\/SSV\/wordpress\/index.php?rest_route=\/wp\/v2\/users\/1"}],"replies":[{"embeddable":true,"href":"https:\/\/www.merzhausen-dardilly.de\/SSV\/wordpress\/index.php?rest_route=%2Fwp%2Fv2%2Fcomments&post=19"}],"version-history":[{"count":65,"href":"https:\/\/www.merzhausen-dardilly.de\/SSV\/wordpress\/index.php?rest_route=\/wp\/v2\/pages\/19\/revisions"}],"predecessor-version":[{"id":1387,"href":"https:\/\/www.merzhausen-dardilly.de\/SSV\/wordpress\/index.php?rest_route=\/wp\/v2\/pages\/19\/revisions\/1387"}],"wp:attachment":[{"href":"https:\/\/www.merzhausen-dardilly.de\/SSV\/wordpress\/index.php?rest_route=%2Fwp%2Fv2%2Fmedia&parent=19"}],"curies":[{"name":"wp","href":"https:\/\/api.w.org\/{rel}","templated":true}]}}