{"id":816,"date":"2020-05-16T10:38:44","date_gmt":"2020-05-16T08:38:44","guid":{"rendered":"http:\/\/www.merzhausen-dardilly.de\/SSV\/wordpress\/?page_id=816"},"modified":"2026-04-06T19:29:51","modified_gmt":"2026-04-06T17:29:51","slug":"herzlich-willkommen","status":"publish","type":"page","link":"https:\/\/www.merzhausen-dardilly.de\/SSV\/wordpress\/","title":{"rendered":"Liebe Besucherinnen und Besucher       unserer Homepage,"},"content":{"rendered":"\n<p class=\"has-text-align-right\"><\/p>\n\n\n\n<figure class=\"wp-block-image size-full is-resized\"><img loading=\"lazy\" decoding=\"async\" width=\"600\" height=\"352\" src=\"https:\/\/www.merzhausen-dardilly.de\/SSV\/wordpress\/wp-content\/uploads\/2023\/03\/SSV-Wappen20g_be-2.jpg\" alt=\"\" class=\"wp-image-1220\" style=\"width:145px;height:85px\" srcset=\"https:\/\/www.merzhausen-dardilly.de\/SSV\/wordpress\/wp-content\/uploads\/2023\/03\/SSV-Wappen20g_be-2.jpg 600w, https:\/\/www.merzhausen-dardilly.de\/SSV\/wordpress\/wp-content\/uploads\/2023\/03\/SSV-Wappen20g_be-2-300x176.jpg 300w, https:\/\/www.merzhausen-dardilly.de\/SSV\/wordpress\/wp-content\/uploads\/2023\/03\/SSV-Wappen20g_be-2-150x88.jpg 150w\" sizes=\"auto, (max-width: 600px) 100vw, 600px\" \/><\/figure>\n\n\n\n<p class=\"has-text-align-right has-medium-font-size\">herzlich willkommen bei uns, dem Sportsch\u00fctzenverein <\/p>\n\n\n\n<p class=\"has-text-align-right has-medium-font-size\">Merzhausen-Au e.V.<\/p>\n\n\n\n<p><\/p>\n\n\n\n<p class=\"has-text-align-right has-medium-font-size\">Wir freuen uns \u00fcber Ihr Interesse am Schie\u00dfsport und unserem Verein.<\/p>\n\n\n\n<p class=\"has-text-align-right has-medium-font-size\">Es w\u00e4re sch\u00f6n, wenn wir Sie bei uns im Sch\u00fctzenhaus mit seinen Standanlagen oder in der Vereinsgastst\u00e4tte begr\u00fc\u00dfen d\u00fcrften.<\/p>\n\n\n\n<p class=\"has-text-align-right has-medium-font-size\">Wir laden Sie dazu ein, uns w\u00e4hrend des Jahres oder aber bei unseren Festen wie dem Neujahrsbrezelschie\u00dfen am 06. Januar oder beim Sch\u00fctzenhaushock mit Preisschie\u00dfen f\u00fcr alle jeweils im Mai zu besuchen.<\/p>\n\n\n\n<h2 class=\"wp-block-heading\">Sch\u00fctzenhaushock mit Preisschei\u00dfen 09.\/10. Mai<\/h2>\n\n\n\n<p><\/p>\n\n\n\n<p class=\"has-text-align-right has-medium-font-size\">Ihr Sport-Sch\u00fctzenverein Merzhausen-Au e.V.<\/p>\n\n\n\n<h2 class=\"wp-block-heading\"><\/h2>\n\n\n\n<p class=\"has-text-align-right has-medium-font-size\">Ekkehard Mayer, Obersch\u00fctzenmeister.<\/p>\n\n\n\n<p><\/p>\n\n\n\n<p><\/p>\n\n\n\n<div class=\"wp-block-group\"><div class=\"wp-block-group__inner-container is-layout-constrained wp-block-group-is-layout-constrained\"><\/div><\/div>\n\n\n\n<p><\/p>\n\n\n\n<p><\/p>\n","protected":false},"excerpt":{"rendered":"<p>herzlich willkommen bei uns, dem Sportsch\u00fctzenverein Merzhausen-Au e.V. Wir freuen uns \u00fcber Ihr Interesse am Schie\u00dfsport und unserem Verein. Es w\u00e4re sch\u00f6n, wenn wir Sie bei uns im Sch\u00fctzenhaus mit seinen Standanlagen oder in der Vereinsgastst\u00e4tte begr\u00fc\u00dfen d\u00fcrften. Wir laden &hellip; <a href=\"https:\/\/www.merzhausen-dardilly.de\/SSV\/wordpress\/\">Weiter<\/a><\/p>\n","protected":false},"author":1,"featured_media":0,"parent":0,"menu_order":0,"comment_status":"closed","ping_status":"closed","template":"","meta":{"kt_blocks_editor_width":"","footnotes":""},"class_list":["post-816","page","type-page","status-publish","hentry"],"_links":{"self":[{"href":"https:\/\/www.merzhausen-dardilly.de\/SSV\/wordpress\/index.php?rest_route=\/wp\/v2\/pages\/816","targetHints":{"allow":["GET"]}}],"collection":[{"href":"https:\/\/www.merzhausen-dardilly.de\/SSV\/wordpress\/index.php?rest_route=\/wp\/v2\/pages"}],"about":[{"href":"https:\/\/www.merzhausen-dardilly.de\/SSV\/wordpress\/index.php?rest_route=\/wp\/v2\/types\/page"}],"author":[{"embeddable":true,"href":"https:\/\/www.merzhausen-dardilly.de\/SSV\/wordpress\/index.php?rest_route=\/wp\/v2\/users\/1"}],"replies":[{"embeddable":true,"href":"https:\/\/www.merzhausen-dardilly.de\/SSV\/wordpress\/index.php?rest_route=%2Fwp%2Fv2%2Fcomments&post=816"}],"version-history":[{"count":114,"href":"https:\/\/www.merzhausen-dardilly.de\/SSV\/wordpress\/index.php?rest_route=\/wp\/v2\/pages\/816\/revisions"}],"predecessor-version":[{"id":1486,"href":"https:\/\/www.merzhausen-dardilly.de\/SSV\/wordpress\/index.php?rest_route=\/wp\/v2\/pages\/816\/revisions\/1486"}],"wp:attachment":[{"href":"https:\/\/www.merzhausen-dardilly.de\/SSV\/wordpress\/index.php?rest_route=%2Fwp%2Fv2%2Fmedia&parent=816"}],"curies":[{"name":"wp","href":"https:\/\/api.w.org\/{rel}","templated":true}]}}