{"id":9,"date":"2013-12-25T15:51:31","date_gmt":"2013-12-25T13:51:31","guid":{"rendered":"http:\/\/www.merzhausen-dardilly.de\/SSV\/wordpress\/?page_id=9"},"modified":"2026-01-10T12:07:34","modified_gmt":"2026-01-10T10:07:34","slug":"verein","status":"publish","type":"page","link":"https:\/\/www.merzhausen-dardilly.de\/SSV\/wordpress\/?page_id=9","title":{"rendered":"\u00dcber uns"},"content":{"rendered":"\n<p>Der Sportsch\u00fctzenverein Merzhausen-Au e.V. wurde am 22.11.1962 als &#8222;Sport-Sch\u00fctzenverein Hexental&#8220; gegr\u00fcndet. Seine Gr\u00fcndungsmitglieder waren unter anderem Fridolin Engesser, Herbert Frank, Erwin Gutmann, Kurt Massie, Karl M\u00fcndler und Klaus Neumann. Erster Obersch\u00fctzenmeister war Herr Albert Stratz, Sch\u00fctzenmeister Karl M\u00fcndler. Da die meisten Mitglieder des Vereins aus Merzhausen und Au kamen, wurde der Vereinsname auf Antrag des damaligen B\u00fcrgermeisters Max Meyer am 22. September 1969 in &#8222;Sportsch\u00fctzenverein Merzhausen-Au e.V.&#8220; umbenannt. Zu Beginn installierte der Verein seine Schie\u00dfanlagen in einem geeigneten Raum unter der Festhalle in Merzhausen. 1964 wurde mit dem Bau des jetzigen Sch\u00fctzenhauses begonnen, Erweiterungen und Verbesserungen der Schie\u00dfanlagen dauern bis heute an.<\/p>\n\n\n\n<figure class=\"wp-block-gallery has-nested-images columns-default is-cropped wp-block-gallery-1 is-layout-flex wp-block-gallery-is-layout-flex\">\n<figure class=\"wp-block-image size-large\"><img loading=\"lazy\" decoding=\"async\" width=\"698\" height=\"996\" data-id=\"1258\" src=\"https:\/\/www.merzhausen-dardilly.de\/SSV\/wordpress\/wp-content\/uploads\/2023\/03\/Scannen0019.jpg\" alt=\"\" class=\"wp-image-1258\" srcset=\"https:\/\/www.merzhausen-dardilly.de\/SSV\/wordpress\/wp-content\/uploads\/2023\/03\/Scannen0019.jpg 698w, https:\/\/www.merzhausen-dardilly.de\/SSV\/wordpress\/wp-content\/uploads\/2023\/03\/Scannen0019-210x300.jpg 210w, https:\/\/www.merzhausen-dardilly.de\/SSV\/wordpress\/wp-content\/uploads\/2023\/03\/Scannen0019-105x150.jpg 105w\" sizes=\"auto, (max-width: 698px) 100vw, 698px\" \/><\/figure>\n\n\n\n<figure class=\"wp-block-image size-large\"><img loading=\"lazy\" decoding=\"async\" width=\"825\" height=\"683\" data-id=\"1257\" src=\"https:\/\/www.merzhausen-dardilly.de\/SSV\/wordpress\/wp-content\/uploads\/2023\/03\/Scannen0026-1.jpg\" alt=\"\" class=\"wp-image-1257\" srcset=\"https:\/\/www.merzhausen-dardilly.de\/SSV\/wordpress\/wp-content\/uploads\/2023\/03\/Scannen0026-1.jpg 825w, https:\/\/www.merzhausen-dardilly.de\/SSV\/wordpress\/wp-content\/uploads\/2023\/03\/Scannen0026-1-300x248.jpg 300w, https:\/\/www.merzhausen-dardilly.de\/SSV\/wordpress\/wp-content\/uploads\/2023\/03\/Scannen0026-1-150x124.jpg 150w, https:\/\/www.merzhausen-dardilly.de\/SSV\/wordpress\/wp-content\/uploads\/2023\/03\/Scannen0026-1-768x636.jpg 768w\" sizes=\"auto, (max-width: 825px) 100vw, 825px\" \/><\/figure>\n\n\n\n<figure class=\"wp-block-image size-large\"><img loading=\"lazy\" decoding=\"async\" width=\"1024\" height=\"695\" data-id=\"1255\" src=\"https:\/\/www.merzhausen-dardilly.de\/SSV\/wordpress\/wp-content\/uploads\/2023\/03\/Scannen0028-1024x695.jpg\" alt=\"\" class=\"wp-image-1255\" srcset=\"https:\/\/www.merzhausen-dardilly.de\/SSV\/wordpress\/wp-content\/uploads\/2023\/03\/Scannen0028-1024x695.jpg 1024w, https:\/\/www.merzhausen-dardilly.de\/SSV\/wordpress\/wp-content\/uploads\/2023\/03\/Scannen0028-300x204.jpg 300w, https:\/\/www.merzhausen-dardilly.de\/SSV\/wordpress\/wp-content\/uploads\/2023\/03\/Scannen0028-150x102.jpg 150w, https:\/\/www.merzhausen-dardilly.de\/SSV\/wordpress\/wp-content\/uploads\/2023\/03\/Scannen0028-768x521.jpg 768w, https:\/\/www.merzhausen-dardilly.de\/SSV\/wordpress\/wp-content\/uploads\/2023\/03\/Scannen0028.jpg 1121w\" sizes=\"auto, (max-width: 1024px) 100vw, 1024px\" \/><\/figure>\n<\/figure>\n\n\n\n<p><br>Von 1963 bis 1966 f\u00fchrte Karl M\u00fcndler den Verein als Obersch\u00fctzenmeister. Am 8. Januar 1966 \u00fcbernahm Herbert Frank die Leitung. 30 Jahre stand er dem Verein als Obersch\u00fctzenmeister vor. Aus Dankbarkeit f\u00fcr seine langj\u00e4hrige und engagierte T\u00e4tigkeit wurde das Vereinsheim in &#8222;Herbert-Frank-Sch\u00fctzenhaus&#8220; umbenannt. Zwischen 1996 und 1998 war Martin Pfefferle Obersch\u00fctzenmeister. Seit 1998 leitet OSM Ekkehard Albert Mayer den Sport-Sch\u00fctzenverein.<br>Das Herbert-Frank-Sch\u00fctzenhaus in Au bietet mit seinen weitl\u00e4ufigen Standanlagen gen\u00fcgend Raum f\u00fcr das regelm\u00e4\u00dfige Schie\u00dftraining in fast allen Pistolen- und Gewehrdisziplinen.<\/p>\n\n\n\n<p>Wir sind Mitglied beim Deutschen Sch\u00fctzenbund (DSB) sowie bei der Deutschen Schie\u00dfsport Union (DSU).<\/p>\n\n\n\n<p><\/p>\n\n\n\n<p><\/p>\n\n\n\n<p><strong><a href=\"https:\/\/www.merzhausen-dardilly.de\/SSV\/wordpress\/wp-content\/uploads\/2025\/02\/beitrittserklaerung-sepa-2024.docx\">Unsere Beitrittserkl\u00e4rung finden Sie hier!<\/a><\/strong><\/p>\n\n\n\n<h5 class=\"wp-block-heading\"><a href=\"https:\/\/www.merzhausen-dardilly.de\/SSV\/wordpress\/wp-content\/uploads\/2022\/02\/satzung-14.01.2011HP.pdf\"><strong>Unsere Satzung finden Sie hier!<\/strong><\/a><\/h5>\n\n\n\n<p><\/p>\n\n\n\n<h3 class=\"wp-block-heading\">&nbsp;<\/h3>\n\n\n\n<h3 class=\"wp-block-heading\">&nbsp;<\/h3>\n\n\n\n<h2 class=\"wp-block-heading\"><strong>Der Vorstand<\/strong><\/h2>\n\n\n\n<p>Obersch\u00fctzenmeister:&nbsp; &nbsp; &nbsp; &nbsp; &nbsp; Ekkehard A. Mayer<\/p>\n\n\n\n<p>Sch\u00fctzenmeister:&nbsp; &nbsp; &nbsp; &nbsp; &nbsp; &nbsp; &nbsp; &nbsp; &nbsp;Rainer Sichler<\/p>\n\n\n\n<p>Schatzmeisterin:&nbsp; &nbsp; &nbsp; &nbsp; &nbsp; &nbsp; &nbsp; &nbsp; &nbsp; Brigitta Schonhardt<\/p>\n\n\n\n<p>Schriftf\u00fchrer:&nbsp; &nbsp; &nbsp; &nbsp; &nbsp; &nbsp; &nbsp; &nbsp; &nbsp; &nbsp; &nbsp; &nbsp;Andreas Schonhardt<\/p>\n\n\n\n<p>Stellv. Schriftf\u00fchrer:&nbsp; &nbsp; &nbsp; &nbsp; &nbsp; &nbsp; &nbsp;Claudius Keller<\/p>\n\n\n\n<p>Sportleiter:&nbsp; &nbsp; &nbsp; &nbsp; &nbsp; &nbsp; &nbsp; &nbsp; &nbsp; &nbsp; &nbsp; &nbsp; &nbsp; Rainer Sichler<\/p>\n\n\n\n<p>Stellv. Sportleiter:&nbsp; &nbsp; &nbsp; &nbsp; &nbsp; &nbsp; &nbsp; &nbsp; Markus Berger<\/p>\n\n\n\n<p>Beisitzer:   Thomas Braunwarth, Martin Foser, Hannes Grunau, Alfred Manz, Paul Stehle<\/p>\n\n\n\n<p><\/p>\n\n\n\n<p>BMIn Melanie Kienle, BM J\u00f6rg Kindel<\/p>\n","protected":false},"excerpt":{"rendered":"<p>Der Sportsch\u00fctzenverein Merzhausen-Au e.V. wurde am 22.11.1962 als &#8222;Sport-Sch\u00fctzenverein Hexental&#8220; gegr\u00fcndet. Seine Gr\u00fcndungsmitglieder waren unter anderem Fridolin Engesser, Herbert Frank, Erwin Gutmann, Kurt Massie, Karl M\u00fcndler und Klaus Neumann. Erster Obersch\u00fctzenmeister war Herr Albert Stratz, Sch\u00fctzenmeister Karl M\u00fcndler. Da die &hellip; <a href=\"https:\/\/www.merzhausen-dardilly.de\/SSV\/wordpress\/?page_id=9\">Weiter<\/a><\/p>\n","protected":false},"author":1,"featured_media":277,"parent":0,"menu_order":0,"comment_status":"closed","ping_status":"closed","template":"","meta":{"kt_blocks_editor_width":"","footnotes":""},"class_list":["post-9","page","type-page","status-publish","has-post-thumbnail","hentry"],"_links":{"self":[{"href":"https:\/\/www.merzhausen-dardilly.de\/SSV\/wordpress\/index.php?rest_route=\/wp\/v2\/pages\/9","targetHints":{"allow":["GET"]}}],"collection":[{"href":"https:\/\/www.merzhausen-dardilly.de\/SSV\/wordpress\/index.php?rest_route=\/wp\/v2\/pages"}],"about":[{"href":"https:\/\/www.merzhausen-dardilly.de\/SSV\/wordpress\/index.php?rest_route=\/wp\/v2\/types\/page"}],"author":[{"embeddable":true,"href":"https:\/\/www.merzhausen-dardilly.de\/SSV\/wordpress\/index.php?rest_route=\/wp\/v2\/users\/1"}],"replies":[{"embeddable":true,"href":"https:\/\/www.merzhausen-dardilly.de\/SSV\/wordpress\/index.php?rest_route=%2Fwp%2Fv2%2Fcomments&post=9"}],"version-history":[{"count":38,"href":"https:\/\/www.merzhausen-dardilly.de\/SSV\/wordpress\/index.php?rest_route=\/wp\/v2\/pages\/9\/revisions"}],"predecessor-version":[{"id":1473,"href":"https:\/\/www.merzhausen-dardilly.de\/SSV\/wordpress\/index.php?rest_route=\/wp\/v2\/pages\/9\/revisions\/1473"}],"wp:featuredmedia":[{"embeddable":true,"href":"https:\/\/www.merzhausen-dardilly.de\/SSV\/wordpress\/index.php?rest_route=\/wp\/v2\/media\/277"}],"wp:attachment":[{"href":"https:\/\/www.merzhausen-dardilly.de\/SSV\/wordpress\/index.php?rest_route=%2Fwp%2Fv2%2Fmedia&parent=9"}],"curies":[{"name":"wp","href":"https:\/\/api.w.org\/{rel}","templated":true}]}}