{"id":12,"date":"2013-04-21T16:50:11","date_gmt":"2013-04-21T14:50:11","guid":{"rendered":"http:\/\/www.merzhausen-dardilly.de\/?page_id=12"},"modified":"2021-10-19T09:22:01","modified_gmt":"2021-10-19T07:22:01","slug":"impressum","status":"publish","type":"page","link":"https:\/\/www.merzhausen-dardilly.de\/?page_id=12","title":{"rendered":"Impressum und Datenschutz"},"content":{"rendered":"<h2><strong>Impressum<\/strong><\/h2>\n<p><strong>Haftungsausschluss f\u00fcr externe Querverweise:<\/strong><\/p>\n<p>Der Inhalt der Websites, auf die mittels Hyperlinks oder in anderer Weise verwiesen wird, stammt nicht von uns und ist uns im einzelnen nicht bekannt und von uns auch nicht zur Nutzung als eigener oder fremder Inhalt bereitgehalten. Wir \u00fcbernehmen deshalb keine Verantwortung oder Gew\u00e4hr f\u00fcr den Inhalt irgendeiner Website, auf die durch Hyperlinks oder in anderer Weise verwiesen wird. Rechtsgesch\u00e4ftlicher Wille ist mit der Bereitstellung solcher Verweise nicht verbunden.<\/p>\n<p><strong>Herausgeber dieser Homepage:<\/strong><\/p>\n<p>Partnerschaftsverein Merzhausen-Dardilly e.V.<\/p>\n<p><strong>Verantwortlich:<\/strong><\/p>\n<p>Verantwortlich f\u00fcr die Homepage<\/p>\n<pre>Pr\u00e4sident Ekkehard Mayer, Weberstra\u00dfe 21, 79249 Merzhausen \nTelefon:&nbsp;&nbsp;&nbsp;&nbsp;&nbsp;&nbsp;&nbsp;&nbsp;&nbsp; 0049 (0) 761 120 999 4 \n\nemail: <a href=\"mailto:ekkimayer@gmail.com\">ekkimayer@gmail.com<\/a><\/pre>\n<h2><strong>Datenschutzerkl\u00e4rung<br \/>\n<\/strong><\/h2>\n<p>Wir freuen uns, dass Sie Mitglied des Partnerschaftverein Merzhausen-Dardilly e.V. sind. In dieser Datenschutzerkl\u00e4rung finden Sie Informationen \u00fcber unseren Umgang mit Ihren personenbezogenen Daten, wenn Sie Mitglied bei uns sind.<\/p>\n<ol>\n<li><strong> Verantwortliche Stelle und Datenschutzbeauftragter<\/strong><\/li>\n<\/ol>\n<p>Verantwortlich f\u00fcr die Verarbeitung Ihrer personenbezogenen Daten ist der Partnerschaftverein Merzhausen-Dardilly e.V., Weberstra\u00dfe 21, 79249 Merzhausen, E-mail: ekkimayer@gmail.com.<\/p>\n<p>Bei Fragen zum Datenschutz k\u00f6nnen Sie sich jederzeit an unseren Datenschutzbeauftragten unter Partnerschaftverein Merzhausen-Dardilly e.V., Weberstra\u00dfe 21, 79249 Merzhausen, E-mail: <a href=\"mailto:ekkimayer@gmail.com\">ekkimayer@gmail.com<\/a>., wenden. F\u00fcr vertrauliche Anfragen k\u00f6nnen Sie gerne auch den Postweg verwenden.<\/p>\n<ol start=\"2\">\n<li><strong> Personenbezogene Daten<\/strong><\/li>\n<\/ol>\n<p>\u201e<strong>Personenbezogene Daten<\/strong>\u201c sind Informationen, die Ihre pers\u00f6nlichen oder sachlichen Umst\u00e4nde betreffen, die verwendet werden k\u00f6nnen, um Sie oder andere Personen zu identifizieren. Hierzu geh\u00f6ren Ihr Name, Ihre Anschrift, Ihr Geburtsdatum oder Ihre E-Mail-Adresse, aber auch Ihre Bank- und Kreditkartendaten oder Ihre Mitglieds- und Kundennummer.<\/p>\n<ol start=\"3\">\n<li><strong> Erheben und verwenden von personenbezogenen Daten<\/strong><\/li>\n<\/ol>\n<p>Nachfolgend finden Sie detaillierte Informationen dar\u00fcber, wie wir Ihre personenbezogenen Daten verarbeiten:<\/p>\n<p>Wir verarbeiten die folgenden personenbezogenen Daten unserer Vereinsmitglieder f\u00fcr die folgende Zwecke:<\/p>\n<p><strong>(i)&nbsp;Verwalten Ihrer Mitgliedschaft<\/strong><\/p>\n<p>F\u00fcr Vereinsmitglieder verarbeiten wir die folgenden personenbezogenen Daten, um die&nbsp; Mitgliedschaft bei uns zu verwalten und durchzuf\u00fchren: Anrede, Titel, Geschlecht, Name, Anschrift, Geburtsdatum, Nationalit\u00e4t, E-Mail-Adresse, Telefonnummer, Bankdaten f\u00fcr SEPA-Lastschriftverfahren bzw. Kreditkartendaten, Mitgliedsnummer, Eintritts- und Austrittsdatum, Informationen zur Beitragsverwaltung, Newsletter- und Mitteilungspr\u00e4ferenzen sowie Informationen zum Schwerbehindertenstatus.<\/p>\n<p>Wenn Sie Angaben zu Ihrem Schwerbehindertenstatus machen oder uns eine Kopie Ihres Schwerbehindertenausweises zusenden, sind wir berechtigt, diese Information ausschlie\u00dflich zu Zwecken der Mitgliedschaft (verg\u00fcnstigter Beitrag) zu verarbeiten.<\/p>\n<p>Bei minderj\u00e4hrigen Vereinsmitgliedern verarbeiten wir au\u00dferdem Namen, Anschrift, Telefonnummer, E-Mail-Adresse und Geburtsdatum der Erziehungsberechtigten.<\/p>\n<p>Wir verarbeiten Ihre personenbezogenen Daten zur Vertragserf\u00fcllung (Art. 6 Abs. 1 lit. b DSGVO). Ihre Mitgliedschaft ist der relevante Vertrag. Die personenbezogenen Daten von Erziehungsberechtigten verarbeiten wir auf Grundlage unseres berechtigten Interesses (Art. 6 Abs. 1 lit. f DSGVO). Unser Interesse ist hier die Durchf\u00fchrung der Mitgliedschaft mit Ihrem Kind.<\/p>\n<p>Etwaige Informationen, die Sie zur Ihrem Schwerbehindertenstatus machen, verarbeiten wir nur mit Ihrer vorherigen Einwilligung (Art. 6 Abs. 1 lit. a DSGVO).<\/p>\n<p>Wir verarbeiten die personenbezogenen Daten zu diesem Zweck f\u00fcr die Dauer der Mitgliedschaft. Dar\u00fcber hinaus speichern wir Ihre personenbezogenen Daten nur zur Geltendmachung von oder Verteidigung gegen rechtliche Anspr\u00fcche oder solange gesetzliche Pflichten zur Speicherung bestehen.<\/p>\n<p><strong>(ii)&nbsp;Bezahlen des Mitgliedsbeitrags<\/strong><\/p>\n<p>Wenn Sie im Mitgliedsantrag als Beitragszahler benannt sind und den Mitgliedsbeitrag f\u00fcr eine andere Person bezahlen, verarbeiten wir die folgenden personenbezogenen Daten: Name, Titel, Geschlecht, Anschrift, Geburtsdatum, E-Mail-Adresse, Telefonnummer, Vereinsmitglied, f\u00fcr das der Mitgliedsbeitrag gezahlt wird, Zahlungshistorie und -weise, Bankdaten f\u00fcr SEPA-Lastschriftverfahren bzw. Kreditkartendaten. Wir \u00fcbermitteln hierzu die relevanten Zahlungsdaten an unsere Bank bzw. unseren Kreditkartendienstleister.<\/p>\n<p>Wir verarbeiten Ihre personenbezogenen Daten zur Vertragserf\u00fcllung (Art. 6 Abs. 1 lit. b DSGVO). Der Zahlungsvertrag ist der relevante Vertrag.<\/p>\n<p>Wir verarbeiten die personenbezogenen Daten f\u00fcr die Dauer der Mitgliedschaft bzw. bis die Einzugserm\u00e4chtigung zur\u00fcckgezogen wurde. Dar\u00fcber hinaus speichern wir Ihre personenbezogenen Daten nur zur Geltendmachung von oder Verteidigung gegen rechtliche Anspr\u00fcche oder solange gesetzliche Pflichten zur Speicherung bestehen.<\/p>\n<p><strong>(iii)<\/strong>&nbsp;<strong>Erbringen von Leistungen und Vorteilen Ihrer Mitgliedschaft<\/strong><\/p>\n<p>Wir verarbeiten die folgenden personenbezogenen Daten, um Ihnen die Vorteile der Mitgliedschaft zu erbringen. Wir verarbeiten Ihre personenbezogenen Daten f\u00fcr diesen Zweck zur Vertragserf\u00fcllung (Art. 6 Abs. 1 lit. b DSGVO). Ihre Mitgliedschaft ist der relevante Vertrag.<\/p>\n<p>Wir verarbeiten die personenbezogenen Daten f\u00fcr die Dauer der Mitgliedschaft. Dar\u00fcber hinaus speichern wir Ihre personenbezogenen Daten nur zur Geltendmachung von oder Verteidigung gegen rechtliche Anspr\u00fcche oder solange gesetzliche Pflichten zur Speicherung bestehen.<\/p>\n<p><strong>(iv) Versenden von Mitgliederbriefen oder sonst. Informationen<\/strong><\/p>\n<p>Wenn Sie dies w\u00fcnschen, verarbeiten wir die folgenden personenbezogenen Daten, um Ihnen Informationen zum Partnerschaftverein Merzhausen-Dardilly e.V., zu Angeboten und Aktionen per E-Mail zu \u00fcbersenden: Name, Geschlecht, E-Mail-Adresse,&nbsp; Mitgliedsnummer.<br \/>\nWir verarbeiten die personenbezogenen Daten bis Sie Ihre Einwilligung widerrufen haben. Dar\u00fcber hinaus speichern wir Ihre personenbezogenen Daten nur zur Geltendmachung von oder Verteidigung gegen rechtliche Anspr\u00fcche oder solange gesetzliche Pflichten zur Speicherung bestehen.<\/p>\n<p><strong>(v) Beantworten Ihrer Kontaktanfragen<\/strong><\/p>\n<p>Wir verarbeiten die folgenden personenbezogenen Daten, um Ihre Kontaktanfragen zu beantworten: Name, E-Mail-Adresse, Inhalt Ihrer Nachricht.<br \/>\nWir verarbeiten Ihre personenbezogenen Daten zur Vertragserf\u00fcllung (Art. 6 Abs. 1 lit. b DSGVO).<\/p>\n<p>Wir verarbeiten Ihre personenbezogenen Daten nur so lange, bis wir Ihre Anfrage abschlie\u00dfend beantwortet haben. Dar\u00fcber hinaus speichern wir Ihre personenbezogenen Daten nur zur Geltendmachung von oder Verteidigung gegen rechtliche Anspr\u00fcche oder solange gesetzliche Pflichten zur Speicherung bestehen.<\/p>\n<p>Wir verarbeiten die personenbezogenen Daten f\u00fcr die Dauer der Mitgliedschaft. Dar\u00fcber hinaus speichern wir Ihre personenbezogenen Daten nur zur Geltendmachung von oder Verteidigung gegen rechtliche Anspr\u00fcche oder solange gesetzliche Pflichten zur Speicherung bestehen.<\/p>\n","protected":false},"excerpt":{"rendered":"<p>Impressum Haftungsausschluss f\u00fcr externe Querverweise: Der Inhalt der Websites, auf die mittels Hyperlinks oder in anderer Weise verwiesen wird, stammt nicht von uns und ist uns im einzelnen nicht bekannt und von uns auch nicht zur Nutzung als eigener oder &hellip; <a href=\"https:\/\/www.merzhausen-dardilly.de\/?page_id=12\">Weiter<\/a><\/p>\n","protected":false},"author":1,"featured_media":760,"parent":0,"menu_order":0,"comment_status":"closed","ping_status":"closed","template":"page_nosidebar.php","meta":{"kt_blocks_editor_width":"","footnotes":""},"class_list":["post-12","page","type-page","status-publish","has-post-thumbnail","hentry"],"_links":{"self":[{"href":"https:\/\/www.merzhausen-dardilly.de\/index.php?rest_route=\/wp\/v2\/pages\/12","targetHints":{"allow":["GET"]}}],"collection":[{"href":"https:\/\/www.merzhausen-dardilly.de\/index.php?rest_route=\/wp\/v2\/pages"}],"about":[{"href":"https:\/\/www.merzhausen-dardilly.de\/index.php?rest_route=\/wp\/v2\/types\/page"}],"author":[{"embeddable":true,"href":"https:\/\/www.merzhausen-dardilly.de\/index.php?rest_route=\/wp\/v2\/users\/1"}],"replies":[{"embeddable":true,"href":"https:\/\/www.merzhausen-dardilly.de\/index.php?rest_route=%2Fwp%2Fv2%2Fcomments&post=12"}],"version-history":[{"count":16,"href":"https:\/\/www.merzhausen-dardilly.de\/index.php?rest_route=\/wp\/v2\/pages\/12\/revisions"}],"predecessor-version":[{"id":730,"href":"https:\/\/www.merzhausen-dardilly.de\/index.php?rest_route=\/wp\/v2\/pages\/12\/revisions\/730"}],"wp:featuredmedia":[{"embeddable":true,"href":"https:\/\/www.merzhausen-dardilly.de\/index.php?rest_route=\/wp\/v2\/media\/760"}],"wp:attachment":[{"href":"https:\/\/www.merzhausen-dardilly.de\/index.php?rest_route=%2Fwp%2Fv2%2Fmedia&parent=12"}],"curies":[{"name":"wp","href":"https:\/\/api.w.org\/{rel}","templated":true}]}}