{"id":13,"date":"2013-04-21T16:50:33","date_gmt":"2013-04-21T14:50:33","guid":{"rendered":"http:\/\/www.merzhausen-dardilly.de\/?page_id=13"},"modified":"2021-10-19T09:19:46","modified_gmt":"2021-10-19T07:19:46","slug":"kontakt","status":"publish","type":"page","link":"https:\/\/www.merzhausen-dardilly.de\/?page_id=13","title":{"rendered":"Kontakt"},"content":{"rendered":"<p>Sind Sie neugierig geworden und haben Fragen? Gerne k\u00f6nnen Sie mit uns in Kontakt treten:<\/p>\n<p>Pr\u00e4sident Ekkehard Mayer<br \/>\nWeberstra\u00dfe 21<br \/>\n79249 Merzhausen<br \/>\nTelefon: 0049 761 404050<br \/>\nTelefax: 0049 761 4098235<br \/>\ne-mail: ekkimayer@gmail.com<\/p>\n<p>Vizepr\u00e4sidentin Brigitta Schonhardt<br \/>\nHexentalstra\u00dfe 17<br \/>\n79249 Merzhausen<br \/>\nTelefon: 0049 761 407212<br \/>\ne-mail: brigittaschonhardt@gmail.com<\/p>\n<p><strong>Wenn Sie Mitglied werden m\u00f6chten, dann k\u00f6nnen Sie sich unseren Mitgliedsantrag gleich hier als PDF-Datei herunterladen:&nbsp;<a href=\"https:\/\/www.merzhausen-dardilly.de\/wp-content\/uploads\/2019\/11\/Beitrittserkl\u00e4rung19.pdf\">Beitrittserkl\u00e4rung Merzhausen Dardilly<\/a><\/strong><\/p>\n<p>Der Jahresbeitrag betr\u00e4gt \u20ac 10 pro Person, Familienbeitrag \u20ac 15,<br \/>\nKinder bis 18 Jahre sind beitragsfrei.<\/p>\n<p>Den ausgef\u00fcllten Antrag schicken Sie bitte an eine der Kontaktadressen.<\/p>\n","protected":false},"excerpt":{"rendered":"<p>Sind Sie neugierig geworden und haben Fragen? Gerne k\u00f6nnen Sie mit uns in Kontakt treten: Pr\u00e4sident Ekkehard Mayer Weberstra\u00dfe 21 79249 Merzhausen Telefon: 0049 761 404050 Telefax: 0049 761 4098235 e-mail: ekkimayer@gmail.com Vizepr\u00e4sidentin Brigitta Schonhardt Hexentalstra\u00dfe 17 79249 Merzhausen Telefon: &hellip; <a href=\"https:\/\/www.merzhausen-dardilly.de\/?page_id=13\">Weiter<\/a><\/p>\n","protected":false},"author":1,"featured_media":690,"parent":0,"menu_order":0,"comment_status":"closed","ping_status":"closed","template":"page_nosidebar.php","meta":{"kt_blocks_editor_width":"","footnotes":""},"class_list":["post-13","page","type-page","status-publish","has-post-thumbnail","hentry"],"_links":{"self":[{"href":"https:\/\/www.merzhausen-dardilly.de\/index.php?rest_route=\/wp\/v2\/pages\/13","targetHints":{"allow":["GET"]}}],"collection":[{"href":"https:\/\/www.merzhausen-dardilly.de\/index.php?rest_route=\/wp\/v2\/pages"}],"about":[{"href":"https:\/\/www.merzhausen-dardilly.de\/index.php?rest_route=\/wp\/v2\/types\/page"}],"author":[{"embeddable":true,"href":"https:\/\/www.merzhausen-dardilly.de\/index.php?rest_route=\/wp\/v2\/users\/1"}],"replies":[{"embeddable":true,"href":"https:\/\/www.merzhausen-dardilly.de\/index.php?rest_route=%2Fwp%2Fv2%2Fcomments&post=13"}],"version-history":[{"count":28,"href":"https:\/\/www.merzhausen-dardilly.de\/index.php?rest_route=\/wp\/v2\/pages\/13\/revisions"}],"predecessor-version":[{"id":732,"href":"https:\/\/www.merzhausen-dardilly.de\/index.php?rest_route=\/wp\/v2\/pages\/13\/revisions\/732"}],"wp:featuredmedia":[{"embeddable":true,"href":"https:\/\/www.merzhausen-dardilly.de\/index.php?rest_route=\/wp\/v2\/media\/690"}],"wp:attachment":[{"href":"https:\/\/www.merzhausen-dardilly.de\/index.php?rest_route=%2Fwp%2Fv2%2Fmedia&parent=13"}],"curies":[{"name":"wp","href":"https:\/\/api.w.org\/{rel}","templated":true}]}}