{"id":8,"date":"2013-04-21T16:47:57","date_gmt":"2013-04-21T14:47:57","guid":{"rendered":"http:\/\/www.merzhausen-dardilly.de\/?page_id=8"},"modified":"2025-11-20T10:08:52","modified_gmt":"2025-11-20T09:08:52","slug":"der-vorstand","status":"publish","type":"page","link":"https:\/\/www.merzhausen-dardilly.de\/?page_id=8","title":{"rendered":"Wir \u00fcber uns"},"content":{"rendered":"<p style=\"text-align: justify;\"><a href=\"https:\/\/www.merzhausen-dardilly.de\/wp-content\/uploads\/2013\/04\/Logo_Partnerschaftsverein_Merzhausen-Dardilly.png\"><img loading=\"lazy\" decoding=\"async\" class=\" wp-image-336 alignright\" src=\"https:\/\/www.merzhausen-dardilly.de\/wp-content\/uploads\/2013\/04\/Logo_Partnerschaftsverein_Merzhausen-Dardilly.png\" alt=\"Logo_Partnerschaftsverein_Merzhausen-Dardilly\" width=\"188\" height=\"154\" \/><\/a><\/p>\n<p style=\"text-align: justify;\"><strong>Bonjour et bienvenue-<\/strong><\/p>\n<p style=\"text-align: justify;\">wir hei\u00dfen Sie willkommen auf der Site des Partnerschaftsvereins Merzhausen-Dardilly und freuen uns \u00fcber Ihr Interesse.<\/p>\n<p style=\"text-align: justify;\">Aus dem Freundeskreis Dardilly ging im Laufe der Jahre der Wunsch nach einer organisatorischen Struktur in Form eines Vereines hervor.\u00a0Im November 2008 wurde daher der heutige <em><strong>&#8222;<\/strong><strong>Partnerschaftsverein\u00a0Merzhausen-Dardilly e.V.\u201c<\/strong><\/em>\u00a0gegr\u00fcndet.<\/p>\n<p>Er ist unter VR 700295 im Vereinsregister beim AG Freiburg eingetragen.<\/p>\n<p style=\"text-align: justify;\">Wir laden Sie herzlich ein, bei unseren Veranstaltungen teilzunehmen, seien Sie Mitglied oder nicht.<\/p>\n<p style=\"text-align: justify;\">Mit unserer Organisation wollen wir dazu beitragen, die guten und herzlichen Bande zwischen den B\u00fcrgerinnen und B\u00fcrgern unserer Gemeinden und den beiden Kommunen weiter zu festigen.<\/p>\n<p style=\"text-align: justify;\">2012 konnten wir bereits das 30-j\u00e4hrige Bestehen unserer Jumelage bei einem Treffen in Dardilly feiern, 2013 feierten wir gemeinsam in Merzhausen.<\/p>\n<p style=\"text-align: justify;\">\u00dcber Ihre Mitarbeit, Ihre Anregungen und Ideen freuen wir uns.<\/p>\n<p style=\"text-align: justify;\">Ihr Partnerschaftsverein Merzhausen-Dardilly<\/p>\n<p>\u00a0Unsere Satzung finden Sie <a href=\"https:\/\/www.merzhausen-dardilly.de\/wp-content\/uploads\/2014\/11\/Satzungs_V3.pdf\"><span style=\"color: #000000;\">hier!<\/span><\/a><\/p>\n<p><a href=\"https:\/\/www.merzhausen-dardilly.de\/wp-content\/uploads\/2018\/04\/Beitrittserkl\u00e4rungSEPA-1.pdf\">Hier finden Sie unseren Mitgliedsantrag!<\/a><\/p>\n<p><strong>Unser Vorstand heute:\u00a0\u00a0<\/strong><\/p>\n<p><strong><em>Pr\u00e4sident:\u00a0\u00a0\u00a0<\/em>\u00a0 \u00a0 \u00a0 \u00a0 \u00a0 \u00a0 \u00a0<\/strong><\/p>\n<p><strong>Ekkehard Mayer<\/strong><\/p>\n<p><em>Vizepr\u00e4sidentin:<\/em><\/p>\n<p>Brigitta Schonhardt<\/p>\n<p><em>Schatzmeisterin:<\/em><\/p>\n<p>Angelika J\u00e4hn<\/p>\n<p><em>Schriftf\u00fchrer:<\/em><\/p>\n<p>Gebhard Merz<\/p>\n<p><em>BeisitzerInnen:<\/em><\/p>\n<p>Gabriele Henn<\/p>\n<p>Vera Klatt<\/p>\n<p>Dr. Ekkehard K\u00f6nig<\/p>\n<p>Michael L\u00e4ufer<\/p>\n<p>Michaela Sch\u00fc\u00fcrmann<\/p>\n<p>\u00a0<\/p>\n<p><strong>Der Gr\u00fcndungsvorstand<\/strong><\/p>\n<p style=\"text-align: center;\"><a href=\"https:\/\/www.merzhausen-dardilly.de\/wp-content\/uploads\/2013\/04\/k-DSC02444.jpg\"><img loading=\"lazy\" decoding=\"async\" class=\" wp-image-18\" src=\"https:\/\/www.merzhausen-dardilly.de\/wp-content\/uploads\/2013\/04\/k-DSC02444-300x168.jpg\" alt=\"k-DSC02444\" width=\"436\" height=\"244\" srcset=\"https:\/\/www.merzhausen-dardilly.de\/wp-content\/uploads\/2013\/04\/k-DSC02444-300x168.jpg 300w, https:\/\/www.merzhausen-dardilly.de\/wp-content\/uploads\/2013\/04\/k-DSC02444.jpg 960w\" sizes=\"auto, (max-width: 436px) 100vw, 436px\" \/><\/a><\/p>\n<p style=\"text-align: left;\">Von links:\u00a0Pr\u00e4sident Hubert Schickl +, B\u00fcrgermeister Eugen Isaak, Schriftf\u00fchrerin Monika Massie, Reinhard Vogt,\u00a0Beisitzer Dr. Walter Menzel und Lore B. Illy, Schatzmeisterin Brigitta Schonhardt, Vizepr\u00e4sident Ekkehard A. Mayer<\/p>\n\n\n\n\n\n\n\n","protected":false},"excerpt":{"rendered":"<p>Bonjour et bienvenue- wir hei\u00dfen Sie willkommen auf der Site des Partnerschaftsvereins Merzhausen-Dardilly und freuen uns \u00fcber Ihr Interesse. Aus dem Freundeskreis Dardilly ging im Laufe der Jahre der Wunsch nach einer organisatorischen Struktur in Form eines Vereines hervor.\u00a0Im November &hellip; <a href=\"https:\/\/www.merzhausen-dardilly.de\/?page_id=8\">Weiter<\/a><\/p>\n","protected":false},"author":1,"featured_media":759,"parent":0,"menu_order":0,"comment_status":"closed","ping_status":"closed","template":"","meta":{"kt_blocks_editor_width":"","footnotes":""},"class_list":["post-8","page","type-page","status-publish","has-post-thumbnail","hentry"],"_links":{"self":[{"href":"https:\/\/www.merzhausen-dardilly.de\/index.php?rest_route=\/wp\/v2\/pages\/8","targetHints":{"allow":["GET"]}}],"collection":[{"href":"https:\/\/www.merzhausen-dardilly.de\/index.php?rest_route=\/wp\/v2\/pages"}],"about":[{"href":"https:\/\/www.merzhausen-dardilly.de\/index.php?rest_route=\/wp\/v2\/types\/page"}],"author":[{"embeddable":true,"href":"https:\/\/www.merzhausen-dardilly.de\/index.php?rest_route=\/wp\/v2\/users\/1"}],"replies":[{"embeddable":true,"href":"https:\/\/www.merzhausen-dardilly.de\/index.php?rest_route=%2Fwp%2Fv2%2Fcomments&post=8"}],"version-history":[{"count":52,"href":"https:\/\/www.merzhausen-dardilly.de\/index.php?rest_route=\/wp\/v2\/pages\/8\/revisions"}],"predecessor-version":[{"id":974,"href":"https:\/\/www.merzhausen-dardilly.de\/index.php?rest_route=\/wp\/v2\/pages\/8\/revisions\/974"}],"wp:featuredmedia":[{"embeddable":true,"href":"https:\/\/www.merzhausen-dardilly.de\/index.php?rest_route=\/wp\/v2\/media\/759"}],"wp:attachment":[{"href":"https:\/\/www.merzhausen-dardilly.de\/index.php?rest_route=%2Fwp%2Fv2%2Fmedia&parent=8"}],"curies":[{"name":"wp","href":"https:\/\/api.w.org\/{rel}","templated":true}]}}